{"id":489,"date":"2023-03-29T21:18:08","date_gmt":"2023-03-29T19:18:08","guid":{"rendered":"https:\/\/www.torgeniemann.de\/?page_id=489"},"modified":"2024-01-20T18:29:07","modified_gmt":"2024-01-20T17:29:07","slug":"fotografie","status":"publish","type":"page","link":"https:\/\/www.torgeniemann.de\/?page_id=489","title":{"rendered":"Fotografie"},"content":{"rendered":"\n<p>Fotoshootings machen Spa\u00df und sind immer eine Begegnung, bei der wir uns auf die Suche nach den magischen Momenten begeben. Gerne bespreche ich mit Ihnen worauf es bei Ihrem Fotoshooting ankommt und wie\/wo wir das am Besten realisieren k\u00f6nnen. Wom\u00f6glich gibt es gute L\u00f6sungen, die sich ohne zu gro\u00dfen Aufwand umsetzen lassen. T\u00e4tig bin ich in Hamburg und Umgebung, es lassen sich aber auch l\u00e4ngere Anfahrten verabreden. Nehmen Sie gerne Kontakt auf, so dass wir Ihr Shooting planen und die Kosten besprechen k\u00f6nnen.<\/p>\n\n\n\n<h2 class=\"wp-block-heading\">Menschen<\/h2>\n\n\n\n<div class=\"alignnormal\"><div id=\"metaslider-id-542\" style=\"width: 100%;\" class=\"ml-slider-3-60-1 metaslider metaslider-flex metaslider-542 ml-slider ms-theme-default\" role=\"region\" aria-roledescription=\"Slideshow\" aria-label=\"Menschen\">\n    <div id=\"metaslider_container_542\">\n        <div id=\"metaslider_542\">\n            <ul aria-live=\"polite\" class=\"slides\">\n                <li style=\"display: block; width: 100%;\" class=\"slide-545 ms-image\" aria-roledescription=\"slide\" aria-label=\"slide-545\"><img fetchpriority=\"high\" decoding=\"async\" src=\"https:\/\/www.torgeniemann.de\/wp-content\/uploads\/2023\/03\/Vimala_byTorgeNiemann_0737-700x470.jpg\" height=\"470\" width=\"700\" alt=\"\" class=\"slider-542 slide-545\" title=\"Vimala_byTorgeNiemann_0737\" \/><\/li>\n                <li style=\"display: none; width: 100%;\" class=\"slide-546 ms-image\" aria-roledescription=\"slide\" aria-label=\"slide-546\"><img decoding=\"async\" src=\"https:\/\/www.torgeniemann.de\/wp-content\/uploads\/2023\/03\/Ruiz_DonMiguel_c_Torge_Niemann_0037-700x470.jpg\" height=\"470\" width=\"700\" alt=\"\" class=\"slider-542 slide-546\" title=\"Ruiz_DonMiguel_c_Torge_Niemann_0037\" \/><\/li>\n                <li style=\"display: none; width: 100%;\" class=\"slide-547 ms-image\" aria-roledescription=\"slide\" aria-label=\"slide-547\"><img decoding=\"async\" src=\"https:\/\/www.torgeniemann.de\/wp-content\/uploads\/2023\/03\/Lea_c_Torge_Niemann_0191-700x470.jpg\" height=\"470\" width=\"700\" alt=\"\" class=\"slider-542 slide-547\" title=\"Lea_c_Torge_Niemann_0191\" \/><\/li>\n                <li style=\"display: none; width: 100%;\" class=\"slide-548 ms-image\" aria-roledescription=\"slide\" aria-label=\"slide-548\"><img loading=\"lazy\" decoding=\"async\" src=\"https:\/\/www.torgeniemann.de\/wp-content\/uploads\/2023\/03\/LarsMuhl_c_TorgeNiemann_DSC2856-700x470.jpg\" height=\"470\" width=\"700\" alt=\"\" class=\"slider-542 slide-548\" title=\"LarsMuhl_c_TorgeNiemann_DSC2856\" \/><\/li>\n                <li style=\"display: none; width: 100%;\" class=\"slide-549 ms-image\" aria-roledescription=\"slide\" aria-label=\"slide-549\"><img loading=\"lazy\" decoding=\"async\" src=\"https:\/\/www.torgeniemann.de\/wp-content\/uploads\/2023\/03\/KyleGray_c_TorgeNiemann_DSC4675-700x470.jpg\" height=\"470\" width=\"700\" alt=\"\" class=\"slider-542 slide-549\" title=\"KyleGray_c_TorgeNiemann_DSC4675\" \/><\/li>\n                <li style=\"display: none; width: 100%;\" class=\"slide-551 ms-image\" aria-roledescription=\"slide\" aria-label=\"slide-551\"><img loading=\"lazy\" decoding=\"async\" src=\"https:\/\/www.torgeniemann.de\/wp-content\/uploads\/2023\/03\/Vimala_byTorgeNiemann_0593-700x470.jpg\" height=\"470\" width=\"700\" alt=\"\" class=\"slider-542 slide-551\" title=\"Vimala_byTorgeNiemann_0593\" \/><\/li>\n                <li style=\"display: none; width: 100%;\" class=\"slide-556 ms-image\" aria-roledescription=\"slide\" aria-label=\"slide-556\"><img loading=\"lazy\" decoding=\"async\" src=\"https:\/\/www.torgeniemann.de\/wp-content\/uploads\/2023\/03\/KwabenaSteinhauer_c_TorgeNiemann__DSC6984-scaled-700x470.jpg\" height=\"470\" width=\"700\" alt=\"\" class=\"slider-542 slide-556\" title=\"KwabenaSteinhauer_c_TorgeNiemann__DSC6984\" \/><\/li>\n                <li style=\"display: none; width: 100%;\" class=\"slide-557 ms-image\" aria-roledescription=\"slide\" aria-label=\"slide-557\"><img loading=\"lazy\" decoding=\"async\" src=\"https:\/\/www.torgeniemann.de\/wp-content\/uploads\/2023\/03\/KwabenaSteinhauer_c_TorgeNiemann__DSC7407-scaled-700x470.jpg\" height=\"470\" width=\"700\" alt=\"\" class=\"slider-542 slide-557\" title=\"KwabenaSteinhauer_c_TorgeNiemann__DSC7407\" \/><\/li>\n                <li style=\"display: none; width: 100%;\" class=\"slide-558 ms-image\" aria-roledescription=\"slide\" aria-label=\"slide-558\"><img loading=\"lazy\" decoding=\"async\" src=\"https:\/\/www.torgeniemann.de\/wp-content\/uploads\/2023\/03\/ChristinaEinbock_c_TorgeNiemann__DSC6322-700x470.jpg\" height=\"470\" width=\"700\" alt=\"\" class=\"slider-542 slide-558\" title=\"ChristinaEinbock_c_TorgeNiemann__DSC6322\" \/><\/li>\n                <li style=\"display: none; width: 100%;\" class=\"slide-559 ms-image\" aria-roledescription=\"slide\" aria-label=\"slide-559\"><img loading=\"lazy\" decoding=\"async\" src=\"https:\/\/www.torgeniemann.de\/wp-content\/uploads\/2023\/03\/KlausTepp_c_TorgeNiemann_DSC5015-scaled-700x470.jpg\" height=\"470\" width=\"700\" alt=\"\" class=\"slider-542 slide-559\" title=\"KlausTepp_c_TorgeNiemann_DSC5015\" \/><\/li>\n                <li style=\"display: none; width: 100%;\" class=\"slide-622 ms-image\" aria-roledescription=\"slide\" aria-label=\"slide-622\"><img loading=\"lazy\" decoding=\"async\" src=\"https:\/\/www.torgeniemann.de\/wp-content\/uploads\/2023\/03\/TuridMueller_c_TorgeNiemann_DSC3509-scaled-700x470.jpg\" height=\"470\" width=\"700\" alt=\"Turid Mller\" class=\"slider-542 slide-622\" title=\"TuridMueller_c_TorgeNiemann_DSC3509\" \/><\/li>\n                <li style=\"display: none; width: 100%;\" class=\"slide-624 ms-image\" aria-roledescription=\"slide\" aria-label=\"slide-624\"><img loading=\"lazy\" decoding=\"async\" src=\"https:\/\/www.torgeniemann.de\/wp-content\/uploads\/2023\/03\/KlausTepp_c_TorgeNiemann_DSC5438-scaled-700x470.jpg\" height=\"470\" width=\"700\" alt=\"Klaus Tepp\" class=\"slider-542 slide-624\" title=\"KlausTepp_c_TorgeNiemann_DSC5438\" \/><\/li>\n                <li style=\"display: none; width: 100%;\" class=\"slide-626 ms-image\" aria-roledescription=\"slide\" aria-label=\"slide-626\"><img loading=\"lazy\" decoding=\"async\" src=\"https:\/\/www.torgeniemann.de\/wp-content\/uploads\/2023\/03\/JohnStreckely_c_TorgeNiemann_DSC0770-scaled-700x470.jpg\" height=\"470\" width=\"700\" alt=\"\" class=\"slider-542 slide-626\" title=\"JohnStreckely_c_TorgeNiemann_DSC0770\" \/><\/li>\n                <li style=\"display: none; width: 100%;\" class=\"slide-628 ms-image\" aria-roledescription=\"slide\" aria-label=\"slide-628\"><img loading=\"lazy\" decoding=\"async\" src=\"https:\/\/www.torgeniemann.de\/wp-content\/uploads\/2023\/03\/Vimala_byTorgeNiemann_2068Retouch-scaled-700x470.jpg\" height=\"470\" width=\"700\" alt=\"Vimala\" class=\"slider-542 slide-628\" title=\"Vimala_byTorgeNiemann_2068Retouch\" \/><\/li>\n                <li style=\"display: none; width: 100%;\" class=\"slide-630 ms-image\" aria-roledescription=\"slide\" aria-label=\"slide-630\"><img loading=\"lazy\" decoding=\"async\" src=\"https:\/\/www.torgeniemann.de\/wp-content\/uploads\/2023\/03\/MaiKhanhDang_bytorge-Niemann_1017-scaled-700x470.jpg\" height=\"470\" width=\"700\" alt=\"Mai Khan Dang\" class=\"slider-542 slide-630\" title=\"MaiKhanhDang_bytorge Niemann_1017\" \/><\/li>\n                <li style=\"display: none; width: 100%;\" class=\"slide-632 ms-image\" aria-roledescription=\"slide\" aria-label=\"slide-632\"><img loading=\"lazy\" decoding=\"async\" src=\"https:\/\/www.torgeniemann.de\/wp-content\/uploads\/2023\/03\/Goerden_Michael_c_TorgeNiemann_0081-1-scaled-700x470.jpg\" height=\"470\" width=\"700\" alt=\"Michael G\u00f6rden\" class=\"slider-542 slide-632\" title=\"Goerden_Michael_c_TorgeNiemann_0081\" \/><\/li>\n            <\/ul>\n        <\/div>\n        \n    <\/div>\n<\/div><\/div>\n\n\n\n<h2 class=\"wp-block-heading\">Konzerte\/Theater<\/h2>\n\n\n\n<div class=\"alignnormal\"><div id=\"metaslider-id-565\" style=\"width: 100%;\" class=\"ml-slider-3-60-1 metaslider metaslider-flex metaslider-565 ml-slider ms-theme-default\" role=\"region\" aria-roledescription=\"Slideshow\" aria-label=\"Konzerte\/Theater\">\n    <div id=\"metaslider_container_565\">\n        <div id=\"metaslider_565\">\n            <ul aria-live=\"polite\" class=\"slides\">\n                <li style=\"display: block; width: 100%;\" class=\"slide-566 ms-image\" aria-roledescription=\"slide\" aria-label=\"slide-566\"><img loading=\"lazy\" decoding=\"async\" src=\"https:\/\/www.torgeniemann.de\/wp-content\/uploads\/2023\/03\/Hattler_byTorgeNiemann_0009-scaled-700x470.jpg\" height=\"470\" width=\"700\" alt=\"\" class=\"slider-565 slide-566\" title=\"Hattler_byTorgeNiemann_0009\" \/><\/li>\n                <li style=\"display: none; width: 100%;\" class=\"slide-567 ms-image\" aria-roledescription=\"slide\" aria-label=\"slide-567\"><img loading=\"lazy\" decoding=\"async\" src=\"https:\/\/www.torgeniemann.de\/wp-content\/uploads\/2023\/03\/Hattler_byTorgeNiemann_0248-scaled-700x470.jpg\" height=\"470\" width=\"700\" alt=\"\" class=\"slider-565 slide-567\" title=\"Hattler_byTorgeNiemann_0248\" \/><\/li>\n                <li style=\"display: none; width: 100%;\" class=\"slide-568 ms-image\" aria-roledescription=\"slide\" aria-label=\"slide-568\"><img loading=\"lazy\" decoding=\"async\" src=\"https:\/\/www.torgeniemann.de\/wp-content\/uploads\/2023\/03\/Hattler_byTorgeNiemann_0000-scaled-700x470.jpg\" height=\"470\" width=\"700\" alt=\"\" class=\"slider-565 slide-568\" title=\"Hattler_byTorgeNiemann_0000\" \/><\/li>\n                <li style=\"display: none; width: 100%;\" class=\"slide-569 ms-image\" aria-roledescription=\"slide\" aria-label=\"slide-569\"><img loading=\"lazy\" decoding=\"async\" src=\"https:\/\/www.torgeniemann.de\/wp-content\/uploads\/2023\/03\/Hattler_byTorgeNiemann_0066-scaled-700x470.jpg\" height=\"470\" width=\"700\" alt=\"\" class=\"slider-565 slide-569\" title=\"Hattler_byTorgeNiemann_0066\" \/><\/li>\n                <li style=\"display: none; width: 100%;\" class=\"slide-570 ms-image\" aria-roledescription=\"slide\" aria-label=\"slide-570\"><img loading=\"lazy\" decoding=\"async\" src=\"https:\/\/www.torgeniemann.de\/wp-content\/uploads\/2023\/03\/SST_c_Torge_Niemann_0190-scaled-700x470.jpg\" height=\"470\" width=\"700\" alt=\"\" class=\"slider-565 slide-570\" title=\"SST_c_Torge_Niemann_0190\" \/><\/li>\n                <li style=\"display: none; width: 100%;\" class=\"slide-571 ms-image\" aria-roledescription=\"slide\" aria-label=\"slide-571\"><img loading=\"lazy\" decoding=\"async\" src=\"https:\/\/www.torgeniemann.de\/wp-content\/uploads\/2023\/03\/SST_c_Torge_Niemann_0249-scaled-700x470.jpg\" height=\"470\" width=\"700\" alt=\"\" class=\"slider-565 slide-571\" title=\"SST_c_Torge_Niemann_0249\" \/><\/li>\n                <li style=\"display: none; width: 100%;\" class=\"slide-572 ms-image\" aria-roledescription=\"slide\" aria-label=\"slide-572\"><img loading=\"lazy\" decoding=\"async\" src=\"https:\/\/www.torgeniemann.de\/wp-content\/uploads\/2023\/03\/Hattler_byTorgeNiemann_0248-scaled-700x470.jpg\" height=\"470\" width=\"700\" alt=\"\" class=\"slider-565 slide-572\" title=\"Hattler_byTorgeNiemann_0248\" \/><\/li>\n                <li style=\"display: none; width: 100%;\" class=\"slide-573 ms-image\" aria-roledescription=\"slide\" aria-label=\"slide-573\"><img loading=\"lazy\" decoding=\"async\" src=\"https:\/\/www.torgeniemann.de\/wp-content\/uploads\/2023\/03\/SST_c_Torge_Niemann_0058-scaled-700x470.jpg\" height=\"470\" width=\"700\" alt=\"Musik\/Theater\" class=\"slider-565 slide-573\" title=\"SST_c_Torge_Niemann_0058\" \/><\/li>\n                <li style=\"display: none; width: 100%;\" class=\"slide-574 ms-image\" aria-roledescription=\"slide\" aria-label=\"slide-574\"><img loading=\"lazy\" decoding=\"async\" src=\"https:\/\/www.torgeniemann.de\/wp-content\/uploads\/2023\/03\/Umgangstoene_byTorgeNiemann_0287-scaled-700x470.jpg\" height=\"470\" width=\"700\" alt=\"\" class=\"slider-565 slide-574\" title=\"Umgangstoene_byTorgeNiemann_0287\" \/><\/li>\n                <li style=\"display: none; width: 100%;\" class=\"slide-575 ms-image\" aria-roledescription=\"slide\" aria-label=\"slide-575\"><img loading=\"lazy\" decoding=\"async\" src=\"https:\/\/www.torgeniemann.de\/wp-content\/uploads\/2023\/03\/Weihnachtsspecial_c_Torge_Niemann_0388-scaled-700x470.jpg\" height=\"470\" width=\"700\" alt=\"\" class=\"slider-565 slide-575\" title=\"Weihnachtsspecial_c_Torge_Niemann_0388\" \/><\/li>\n                <li style=\"display: none; width: 100%;\" class=\"slide-576 ms-image\" aria-roledescription=\"slide\" aria-label=\"slide-576\"><img loading=\"lazy\" decoding=\"async\" src=\"https:\/\/www.torgeniemann.de\/wp-content\/uploads\/2023\/03\/Umgangstoene_byTorgeNiemann_0140-scaled-700x470.jpg\" height=\"470\" width=\"700\" alt=\"\" class=\"slider-565 slide-576\" title=\"Umgangstoene_byTorgeNiemann_0140\" \/><\/li>\n                <li style=\"display: none; width: 100%;\" class=\"slide-577 ms-image\" aria-roledescription=\"slide\" aria-label=\"slide-577\"><img loading=\"lazy\" decoding=\"async\" src=\"https:\/\/www.torgeniemann.de\/wp-content\/uploads\/2023\/03\/Weihnachtsspecial_c_Torge_Niemann_0385-scaled-700x470.jpg\" height=\"470\" width=\"700\" alt=\"\" class=\"slider-565 slide-577\" title=\"Weihnachtsspecial_c_Torge_Niemann_0385\" \/><\/li>\n                <li style=\"display: none; width: 100%;\" class=\"slide-578 ms-image\" aria-roledescription=\"slide\" aria-label=\"slide-578\"><img loading=\"lazy\" decoding=\"async\" src=\"https:\/\/www.torgeniemann.de\/wp-content\/uploads\/2023\/03\/Umgangstoene_byTorgeNiemann_0083-scaled-700x470.jpg\" height=\"470\" width=\"700\" alt=\"\" class=\"slider-565 slide-578\" title=\"Umgangstoene_byTorgeNiemann_0083\" \/><\/li>\n                <li style=\"display: none; width: 100%;\" class=\"slide-579 ms-image\" aria-roledescription=\"slide\" aria-label=\"slide-579\"><img loading=\"lazy\" decoding=\"async\" src=\"https:\/\/www.torgeniemann.de\/wp-content\/uploads\/2023\/03\/SST_c_Torge_Niemann_0128-scaled-700x470.jpg\" height=\"470\" width=\"700\" alt=\"\" class=\"slider-565 slide-579\" title=\"SST_c_Torge_Niemann_0128\" \/><\/li>\n            <\/ul>\n        <\/div>\n        \n    <\/div>\n<\/div><\/div>\n\n\n\n<h2 class=\"wp-block-heading\">Dinge<\/h2>\n\n\n\n<div class=\"alignnormal\"><div id=\"metaslider-id-580\" style=\"width: 100%;\" class=\"ml-slider-3-60-1 metaslider metaslider-flex metaslider-580 ml-slider ms-theme-default\" role=\"region\" aria-roledescription=\"Slideshow\" aria-label=\"Dinge\">\n    <div id=\"metaslider_container_580\">\n        <div id=\"metaslider_580\">\n            <ul aria-live=\"polite\" class=\"slides\">\n                <li style=\"display: block; width: 100%;\" class=\"slide-581 ms-image\" aria-roledescription=\"slide\" aria-label=\"slide-581\"><img loading=\"lazy\" decoding=\"async\" src=\"https:\/\/www.torgeniemann.de\/wp-content\/uploads\/2023\/03\/Ganesh_c_TorgeNiemann_DSC6594-scaled-700x470.jpg\" height=\"470\" width=\"700\" alt=\"\" class=\"slider-580 slide-581\" title=\"Ganesh_c_TorgeNiemann_DSC6594\" \/><\/li>\n                <li style=\"display: none; width: 100%;\" class=\"slide-582 ms-image\" aria-roledescription=\"slide\" aria-label=\"slide-582\"><img loading=\"lazy\" decoding=\"async\" src=\"https:\/\/www.torgeniemann.de\/wp-content\/uploads\/2023\/03\/MoodPic_c_TorgeNiemann_DSC6595-scaled-700x470.jpg\" height=\"470\" width=\"700\" alt=\"\" class=\"slider-580 slide-582\" title=\"MoodPic_c_TorgeNiemann_DSC6595\" \/><\/li>\n                <li style=\"display: none; width: 100%;\" class=\"slide-583 ms-image\" aria-roledescription=\"slide\" aria-label=\"slide-583\"><img loading=\"lazy\" decoding=\"async\" src=\"https:\/\/www.torgeniemann.de\/wp-content\/uploads\/2023\/03\/MoodPic_c_TorgeNiemann_DSC6598-scaled-700x470.jpg\" height=\"470\" width=\"700\" alt=\"\" class=\"slider-580 slide-583\" title=\"MoodPic_c_TorgeNiemann_DSC6598\" \/><\/li>\n                <li style=\"display: none; width: 100%;\" class=\"slide-584 ms-image\" aria-roledescription=\"slide\" aria-label=\"slide-584\"><img loading=\"lazy\" decoding=\"async\" src=\"https:\/\/www.torgeniemann.de\/wp-content\/uploads\/2023\/03\/Blumen_c_TorgeNiemann_0014-scaled-700x470.jpg\" height=\"470\" width=\"700\" alt=\"\" class=\"slider-580 slide-584\" title=\"Blumen_c_TorgeNiemann_0014\" \/><\/li>\n                <li style=\"display: none; width: 100%;\" class=\"slide-585 ms-image\" aria-roledescription=\"slide\" aria-label=\"slide-585\"><img loading=\"lazy\" decoding=\"async\" src=\"https:\/\/www.torgeniemann.de\/wp-content\/uploads\/2023\/03\/Blumen_c_TorgeNiemann_0009-scaled-700x470.jpg\" height=\"470\" width=\"700\" alt=\"\" class=\"slider-580 slide-585\" title=\"Blumen_c_TorgeNiemann_0009\" \/><\/li>\n                <li style=\"display: none; width: 100%;\" class=\"slide-586 ms-image\" aria-roledescription=\"slide\" aria-label=\"slide-586\"><img loading=\"lazy\" decoding=\"async\" src=\"https:\/\/www.torgeniemann.de\/wp-content\/uploads\/2023\/03\/Blumen_c_TorgeNiemann_0016-scaled-700x470.jpg\" height=\"470\" width=\"700\" alt=\"\" class=\"slider-580 slide-586\" title=\"Blumen_c_TorgeNiemann_0016\" \/><\/li>\n            <\/ul>\n        <\/div>\n        \n    <\/div>\n<\/div><\/div>\n","protected":false},"excerpt":{"rendered":"<p>Fotoshootings machen Spa\u00df und sind immer eine Begegnung, bei der wir uns auf die Suche nach den magischen Momenten begeben. Gerne bespreche ich mit Ihnen worauf es bei Ihrem Fotoshooting ankommt und wie\/wo wir das am Besten realisieren k\u00f6nnen. Wom\u00f6glich &hellip; <a href=\"https:\/\/www.torgeniemann.de\/?page_id=489\">Weiterlesen <span class=\"meta-nav\">&rarr;<\/span><\/a><\/p>\n","protected":false},"author":1,"featured_media":0,"parent":0,"menu_order":0,"comment_status":"closed","ping_status":"closed","template":"","meta":{"footnotes":""},"class_list":["post-489","page","type-page","status-publish","hentry"],"acf":{"Ort":"Hamburg","bild":631},"_links":{"self":[{"href":"https:\/\/www.torgeniemann.de\/index.php?rest_route=\/wp\/v2\/pages\/489","targetHints":{"allow":["GET"]}}],"collection":[{"href":"https:\/\/www.torgeniemann.de\/index.php?rest_route=\/wp\/v2\/pages"}],"about":[{"href":"https:\/\/www.torgeniemann.de\/index.php?rest_route=\/wp\/v2\/types\/page"}],"author":[{"embeddable":true,"href":"https:\/\/www.torgeniemann.de\/index.php?rest_route=\/wp\/v2\/users\/1"}],"replies":[{"embeddable":true,"href":"https:\/\/www.torgeniemann.de\/index.php?rest_route=%2Fwp%2Fv2%2Fcomments&post=489"}],"version-history":[{"count":23,"href":"https:\/\/www.torgeniemann.de\/index.php?rest_route=\/wp\/v2\/pages\/489\/revisions"}],"predecessor-version":[{"id":695,"href":"https:\/\/www.torgeniemann.de\/index.php?rest_route=\/wp\/v2\/pages\/489\/revisions\/695"}],"wp:attachment":[{"href":"https:\/\/www.torgeniemann.de\/index.php?rest_route=%2Fwp%2Fv2%2Fmedia&parent=489"}],"curies":[{"name":"wp","href":"https:\/\/api.w.org\/{rel}","templated":true}]}}