{"id":476,"date":"2023-03-29T20:42:09","date_gmt":"2023-03-29T18:42:09","guid":{"rendered":"https:\/\/www.torgeniemann.de\/?page_id=476"},"modified":"2023-03-29T20:45:05","modified_gmt":"2023-03-29T18:45:05","slug":"grafik-design","status":"publish","type":"page","link":"https:\/\/www.torgeniemann.de\/?page_id=476","title":{"rendered":"Grafik Design"},"content":{"rendered":"\n<p>Seit \u00fcber 30 Jahren arbeite ich hauptberuflich als Grafik Designer f\u00fcr Magazine, Brosch\u00fcren, CD- und DVD-Cover u.s.w. mit einem Schwerpunkt im Printbereich. H\u00e4ufig ergibt sich auch teilweise eine Beratung f\u00fcr das Marketing: die eine Kl\u00e4rung der Alleinstellungsmerkmale und daraus folgender Werbestrategien \u2013 klingt hochtrabend, ist aber lediglich ein gemeinsames Nachdenken dar\u00fcber, was das besondere an einem Angebot ist und wie man das im Rahmen der zur Verf\u00fcgung stehenden Mittel am besten kommuniziert: extrem sinnvoll! Egal, ob Sie schon genaue Vorstellungen haben oder weitergehende Unterst\u00fctzung brauchen, helfe ich gerne bei der Umsetzung Ihrer Projekte und freue mich auf eine gute Zusammenarbeit.<\/p>\n\n\n\n<h2 class=\"wp-block-heading\">Buchumschlaggestaltung\/Layout<\/h2>\n\n\n\n<figure class=\"wp-block-image size-large\"><img fetchpriority=\"high\" decoding=\"async\" width=\"1024\" height=\"619\" src=\"https:\/\/www.torgeniemann.de\/wp-content\/uploads\/2023\/03\/Umschlag_Arends_Flow-1024x619.jpg\" alt=\"Buchumschlag Isabel Arends: Fit for Flow\" class=\"wp-image-477\" srcset=\"https:\/\/www.torgeniemann.de\/wp-content\/uploads\/2023\/03\/Umschlag_Arends_Flow-1024x619.jpg 1024w, https:\/\/www.torgeniemann.de\/wp-content\/uploads\/2023\/03\/Umschlag_Arends_Flow-300x181.jpg 300w, https:\/\/www.torgeniemann.de\/wp-content\/uploads\/2023\/03\/Umschlag_Arends_Flow-768x464.jpg 768w, https:\/\/www.torgeniemann.de\/wp-content\/uploads\/2023\/03\/Umschlag_Arends_Flow-1536x928.jpg 1536w, https:\/\/www.torgeniemann.de\/wp-content\/uploads\/2023\/03\/Umschlag_Arends_Flow-2048x1237.jpg 2048w, https:\/\/www.torgeniemann.de\/wp-content\/uploads\/2023\/03\/Umschlag_Arends_Flow-497x300.jpg 497w\" sizes=\"(max-width: 1024px) 100vw, 1024px\" \/><\/figure>\n\n\n\n<figure class=\"wp-block-image size-large\"><img decoding=\"async\" width=\"1024\" height=\"654\" src=\"https:\/\/www.torgeniemann.de\/wp-content\/uploads\/2023\/03\/Flow_14-15-1024x654.jpg\" alt=\"Seiten 14-15\" class=\"wp-image-478\" srcset=\"https:\/\/www.torgeniemann.de\/wp-content\/uploads\/2023\/03\/Flow_14-15-1024x654.jpg 1024w, https:\/\/www.torgeniemann.de\/wp-content\/uploads\/2023\/03\/Flow_14-15-300x192.jpg 300w, https:\/\/www.torgeniemann.de\/wp-content\/uploads\/2023\/03\/Flow_14-15-768x491.jpg 768w, https:\/\/www.torgeniemann.de\/wp-content\/uploads\/2023\/03\/Flow_14-15-1536x981.jpg 1536w, https:\/\/www.torgeniemann.de\/wp-content\/uploads\/2023\/03\/Flow_14-15-2048x1309.jpg 2048w, https:\/\/www.torgeniemann.de\/wp-content\/uploads\/2023\/03\/Flow_14-15-469x300.jpg 469w\" sizes=\"(max-width: 1024px) 100vw, 1024px\" \/><\/figure>\n\n\n\n<figure class=\"wp-block-image size-large\"><img decoding=\"async\" width=\"1024\" height=\"654\" src=\"https:\/\/www.torgeniemann.de\/wp-content\/uploads\/2023\/03\/Flow_80-1024x654.jpg\" alt=\"\" class=\"wp-image-479\" srcset=\"https:\/\/www.torgeniemann.de\/wp-content\/uploads\/2023\/03\/Flow_80-1024x654.jpg 1024w, https:\/\/www.torgeniemann.de\/wp-content\/uploads\/2023\/03\/Flow_80-300x192.jpg 300w, https:\/\/www.torgeniemann.de\/wp-content\/uploads\/2023\/03\/Flow_80-768x491.jpg 768w, https:\/\/www.torgeniemann.de\/wp-content\/uploads\/2023\/03\/Flow_80-1536x981.jpg 1536w, https:\/\/www.torgeniemann.de\/wp-content\/uploads\/2023\/03\/Flow_80-2048x1309.jpg 2048w, https:\/\/www.torgeniemann.de\/wp-content\/uploads\/2023\/03\/Flow_80-469x300.jpg 469w\" sizes=\"(max-width: 1024px) 100vw, 1024px\" \/><\/figure>\n\n\n\n<figure class=\"wp-block-image size-large is-resized\"><img loading=\"lazy\" decoding=\"async\" src=\"https:\/\/www.torgeniemann.de\/wp-content\/uploads\/2023\/03\/KamphausenBuchcover-1024x774.jpg\" alt=\"Buchumschl\u00e4ge\" class=\"wp-image-480\" width=\"615\" height=\"465\" srcset=\"https:\/\/www.torgeniemann.de\/wp-content\/uploads\/2023\/03\/KamphausenBuchcover-1024x774.jpg 1024w, https:\/\/www.torgeniemann.de\/wp-content\/uploads\/2023\/03\/KamphausenBuchcover-300x227.jpg 300w, https:\/\/www.torgeniemann.de\/wp-content\/uploads\/2023\/03\/KamphausenBuchcover-768x581.jpg 768w, https:\/\/www.torgeniemann.de\/wp-content\/uploads\/2023\/03\/KamphausenBuchcover-1536x1161.jpg 1536w, https:\/\/www.torgeniemann.de\/wp-content\/uploads\/2023\/03\/KamphausenBuchcover-2048x1548.jpg 2048w, https:\/\/www.torgeniemann.de\/wp-content\/uploads\/2023\/03\/KamphausenBuchcover-397x300.jpg 397w\" sizes=\"(max-width: 615px) 100vw, 615px\" \/><\/figure>\n\n\n\n<figure class=\"wp-block-image size-large\"><img loading=\"lazy\" decoding=\"async\" width=\"1024\" height=\"814\" src=\"https:\/\/www.torgeniemann.de\/wp-content\/uploads\/2023\/03\/Singbuch_Luel-1024x814.jpg\" alt=\"L\u00fc\u00fcl Singbuch\" class=\"wp-image-487\" srcset=\"https:\/\/www.torgeniemann.de\/wp-content\/uploads\/2023\/03\/Singbuch_Luel-1024x814.jpg 1024w, https:\/\/www.torgeniemann.de\/wp-content\/uploads\/2023\/03\/Singbuch_Luel-300x238.jpg 300w, https:\/\/www.torgeniemann.de\/wp-content\/uploads\/2023\/03\/Singbuch_Luel-768x610.jpg 768w, https:\/\/www.torgeniemann.de\/wp-content\/uploads\/2023\/03\/Singbuch_Luel-1536x1220.jpg 1536w, https:\/\/www.torgeniemann.de\/wp-content\/uploads\/2023\/03\/Singbuch_Luel-2048x1627.jpg 2048w, https:\/\/www.torgeniemann.de\/wp-content\/uploads\/2023\/03\/Singbuch_Luel-378x300.jpg 378w\" sizes=\"(max-width: 1024px) 100vw, 1024px\" \/><\/figure>\n\n\n\n<h2 class=\"wp-block-heading\">CD-Cover<\/h2>\n\n\n\n<figure class=\"wp-block-image size-large\"><img loading=\"lazy\" decoding=\"async\" width=\"1024\" height=\"693\" src=\"https:\/\/www.torgeniemann.de\/wp-content\/uploads\/2023\/03\/CD-Cover-1024x693.jpg\" alt=\"CD Artworks\n\" class=\"wp-image-481\" srcset=\"https:\/\/www.torgeniemann.de\/wp-content\/uploads\/2023\/03\/CD-Cover-1024x693.jpg 1024w, https:\/\/www.torgeniemann.de\/wp-content\/uploads\/2023\/03\/CD-Cover-300x203.jpg 300w, https:\/\/www.torgeniemann.de\/wp-content\/uploads\/2023\/03\/CD-Cover-768x520.jpg 768w, https:\/\/www.torgeniemann.de\/wp-content\/uploads\/2023\/03\/CD-Cover-1536x1039.jpg 1536w, https:\/\/www.torgeniemann.de\/wp-content\/uploads\/2023\/03\/CD-Cover-2048x1386.jpg 2048w, https:\/\/www.torgeniemann.de\/wp-content\/uploads\/2023\/03\/CD-Cover-443x300.jpg 443w\" sizes=\"(max-width: 1024px) 100vw, 1024px\" \/><\/figure>\n\n\n\n<h2 class=\"wp-block-heading\">Werbung\/Flyer<\/h2>\n\n\n\n<figure class=\"wp-block-image size-large\"><img loading=\"lazy\" decoding=\"async\" width=\"993\" height=\"1024\" src=\"https:\/\/www.torgeniemann.de\/wp-content\/uploads\/2023\/03\/Flyer-993x1024.jpg\" alt=\"Flyer\n\" class=\"wp-image-482\" srcset=\"https:\/\/www.torgeniemann.de\/wp-content\/uploads\/2023\/03\/Flyer-993x1024.jpg 993w, https:\/\/www.torgeniemann.de\/wp-content\/uploads\/2023\/03\/Flyer-291x300.jpg 291w, https:\/\/www.torgeniemann.de\/wp-content\/uploads\/2023\/03\/Flyer-768x792.jpg 768w, https:\/\/www.torgeniemann.de\/wp-content\/uploads\/2023\/03\/Flyer-1489x1536.jpg 1489w, https:\/\/www.torgeniemann.de\/wp-content\/uploads\/2023\/03\/Flyer-1986x2048.jpg 1986w\" sizes=\"(max-width: 993px) 100vw, 993px\" \/><\/figure>\n","protected":false},"excerpt":{"rendered":"<p>Seit \u00fcber 30 Jahren arbeite ich hauptberuflich als Grafik Designer f\u00fcr Magazine, Brosch\u00fcren, CD- und DVD-Cover u.s.w. mit einem Schwerpunkt im Printbereich. H\u00e4ufig ergibt sich auch teilweise eine Beratung f\u00fcr das Marketing: die eine Kl\u00e4rung der Alleinstellungsmerkmale und daraus folgender &hellip; <a href=\"https:\/\/www.torgeniemann.de\/?page_id=476\">Weiterlesen <span class=\"meta-nav\">&rarr;<\/span><\/a><\/p>\n","protected":false},"author":1,"featured_media":0,"parent":0,"menu_order":0,"comment_status":"closed","ping_status":"closed","template":"","meta":{"footnotes":""},"class_list":["post-476","page","type-page","status-publish","hentry"],"acf":[],"_links":{"self":[{"href":"https:\/\/www.torgeniemann.de\/index.php?rest_route=\/wp\/v2\/pages\/476","targetHints":{"allow":["GET"]}}],"collection":[{"href":"https:\/\/www.torgeniemann.de\/index.php?rest_route=\/wp\/v2\/pages"}],"about":[{"href":"https:\/\/www.torgeniemann.de\/index.php?rest_route=\/wp\/v2\/types\/page"}],"author":[{"embeddable":true,"href":"https:\/\/www.torgeniemann.de\/index.php?rest_route=\/wp\/v2\/users\/1"}],"replies":[{"embeddable":true,"href":"https:\/\/www.torgeniemann.de\/index.php?rest_route=%2Fwp%2Fv2%2Fcomments&post=476"}],"version-history":[{"count":4,"href":"https:\/\/www.torgeniemann.de\/index.php?rest_route=\/wp\/v2\/pages\/476\/revisions"}],"predecessor-version":[{"id":488,"href":"https:\/\/www.torgeniemann.de\/index.php?rest_route=\/wp\/v2\/pages\/476\/revisions\/488"}],"wp:attachment":[{"href":"https:\/\/www.torgeniemann.de\/index.php?rest_route=%2Fwp%2Fv2%2Fmedia&parent=476"}],"curies":[{"name":"wp","href":"https:\/\/api.w.org\/{rel}","templated":true}]}}