{"id":363,"date":"2023-03-28T21:25:07","date_gmt":"2023-03-28T19:25:07","guid":{"rendered":"https:\/\/www.torgeniemann.de\/?page_id=363"},"modified":"2024-01-27T21:16:02","modified_gmt":"2024-01-27T20:16:02","slug":"musik","status":"publish","type":"page","link":"https:\/\/www.torgeniemann.de\/","title":{"rendered":"Musik"},"content":{"rendered":"\n<div class=\"wp-block-columns is-layout-flex wp-container-core-columns-is-layout-9d6595d7 wp-block-columns-is-layout-flex\">\n<div class=\"wp-block-column is-layout-flow wp-block-column-is-layout-flow\" style=\"flex-basis:66.66%\">\n<div  class=\"tribe-compatibility-container\" >\n\t<div\n\t\t class=\"tribe-common tribe-events tribe-events-view tribe-events-view--widget-events-list tribe-events-widget\" \t\tdata-js=\"tribe-events-view\"\n\t\tdata-view-rest-url=\"https:\/\/www.torgeniemann.de\/index.php?rest_route=\/tribe\/views\/v2\/html\"\n\t\tdata-view-manage-url=\"1\"\n\t\t\t\t\t\t\tdata-view-breakpoint-pointer=\"10eaa737-eee2-4dc1-986c-b19f93cd4aab\"\n\t\t\t>\n\t\t<div class=\"tribe-events-widget-events-list\">\n\n\t\t\t\n\t\t\t<script data-js=\"tribe-events-view-data\" type=\"application\/json\">\n\t{\"slug\":\"widget-events-list\",\"prev_url\":\"\",\"next_url\":\"\",\"view_class\":\"Tribe\\\\Events\\\\Views\\\\V2\\\\Views\\\\Widgets\\\\Widget_List_View\",\"view_slug\":\"widget-events-list\",\"view_label\":\"View\",\"view\":null,\"should_manage_url\":true,\"id\":null,\"alias-slugs\":null,\"title\":\"Anstehende Veranstaltungen \\u2013 Torge Niemann\",\"limit\":\"30\",\"no_upcoming_events\":false,\"featured_events_only\":false,\"jsonld_enable\":true,\"tribe_is_list_widget\":false,\"admin_fields\":{\"title\":{\"label\":\"Titel:\",\"type\":\"text\",\"classes\":\"\",\"dependency\":\"\",\"id\":\"widget-tribe-widget-events-list--1-title\",\"name\":\"widget-tribe-widget-events-list[-1][title]\",\"options\":[],\"placeholder\":\"\",\"value\":null},\"limit\":{\"label\":\"Anzeige:\",\"type\":\"number\",\"default\":5,\"min\":1,\"max\":10,\"step\":1,\"classes\":\"\",\"dependency\":\"\",\"id\":\"widget-tribe-widget-events-list--1-limit\",\"name\":\"widget-tribe-widget-events-list[-1][limit]\",\"options\":[],\"placeholder\":\"\",\"value\":null},\"no_upcoming_events\":{\"label\":\"Blenden Sie dieses Widget aus, wenn es keine bevorstehenden Veranstaltungen gibt.\",\"type\":\"checkbox\",\"classes\":\"\",\"dependency\":\"\",\"id\":\"widget-tribe-widget-events-list--1-no_upcoming_events\",\"name\":\"widget-tribe-widget-events-list[-1][no_upcoming_events]\",\"options\":[],\"placeholder\":\"\",\"value\":null},\"featured_events_only\":{\"label\":\"Nur auf hervorgehobene Veranstaltungen beschr\\u00e4nken\",\"type\":\"checkbox\",\"classes\":\"\",\"dependency\":\"\",\"id\":\"widget-tribe-widget-events-list--1-featured_events_only\",\"name\":\"widget-tribe-widget-events-list[-1][featured_events_only]\",\"options\":[],\"placeholder\":\"\",\"value\":null},\"jsonld_enable\":{\"label\":\"JSON-LD-Daten generieren\",\"type\":\"checkbox\",\"classes\":\"\",\"dependency\":\"\",\"id\":\"widget-tribe-widget-events-list--1-jsonld_enable\",\"name\":\"widget-tribe-widget-events-list[-1][jsonld_enable]\",\"options\":[],\"placeholder\":\"\",\"value\":null}},\"events\":[],\"url\":\"https:\\\/\\\/www.torgeniemann.de\\\/?post_type=tribe_events&eventDisplay=widget-events-list\",\"url_event_date\":false,\"bar\":{\"keyword\":\"\",\"date\":\"\"},\"today\":\"2026-05-05 00:00:00\",\"now\":\"2026-05-05 13:53:13\",\"rest_url\":\"https:\\\/\\\/www.torgeniemann.de\\\/index.php?rest_route=\\\/tribe\\\/views\\\/v2\\\/html\",\"rest_method\":\"POST\",\"rest_nonce\":\"\",\"today_url\":\"https:\\\/\\\/www.torgeniemann.de\\\/?post_type=tribe_events&eventDisplay=widget-events-list&rest_route=%2Fwp%2Fv2%2Fpages%2F363\",\"today_title\":\"Heutiges Datum ausw\\u00e4hlen\",\"today_label\":\"Heute\",\"prev_label\":\"\",\"next_label\":\"\",\"date_formats\":{\"compact\":\"n\\\/j\\\/Y\",\"month_and_year_compact\":\"n\\\/Y\",\"month_and_year\":\"F Y\",\"time_range_separator\":\" - \",\"date_time_separator\":\" @ \"},\"messages\":{\"notice\":[\"Es sind keine anstehenden Veranstaltungen vorhanden.\"]},\"start_of_week\":\"1\",\"header_title\":\"\",\"header_title_element\":\"h1\",\"content_title\":\"\",\"breadcrumbs\":[],\"before_events\":\"\",\"after_events\":\"\\n<!--\\nThis calendar is powered by The Events Calendar.\\nhttp:\\\/\\\/evnt.is\\\/18wn\\n-->\\n\",\"display_events_bar\":false,\"disable_event_search\":false,\"live_refresh\":true,\"ical\":{\"display_link\":true,\"link\":{\"url\":\"https:\\\/\\\/www.torgeniemann.de\\\/?post_type=tribe_events&#038;eventDisplay=widget-events-list&#038;ical=1\",\"text\":\"Veranstaltungen als iCal exportieren\",\"title\":\"Diese Funktion verwenden, um Kalenderdaten mit Google Kalender, Apple iCal und kompatiblen Apps zu teilen\"}},\"container_classes\":[\"tribe-common\",\"tribe-events\",\"tribe-events-view\",\"tribe-events-view--widget-events-list\",\"tribe-events-widget\"],\"container_data\":[],\"is_past\":false,\"breakpoints\":{\"xsmall\":500,\"medium\":768,\"full\":960},\"breakpoint_pointer\":\"10eaa737-eee2-4dc1-986c-b19f93cd4aab\",\"is_initial_load\":false,\"public_views\":{\"list\":{\"view_class\":\"Tribe\\\\Events\\\\Views\\\\V2\\\\Views\\\\List_View\",\"view_url\":\"https:\\\/\\\/www.torgeniemann.de\\\/?post_type=tribe_events&eventDisplay=list\",\"view_label\":\"Liste\"},\"month\":{\"view_class\":\"Tribe\\\\Events\\\\Views\\\\V2\\\\Views\\\\Month_View\",\"view_url\":\"https:\\\/\\\/www.torgeniemann.de\\\/?post_type=tribe_events&eventDisplay=month\",\"view_label\":\"Monat\"},\"day\":{\"view_class\":\"Tribe\\\\Events\\\\Views\\\\V2\\\\Views\\\\Day_View\",\"view_url\":\"https:\\\/\\\/www.torgeniemann.de\\\/?post_type=tribe_events&eventDisplay=day\",\"view_label\":\"Tag\"}},\"show_latest_past\":false,\"compatibility_classes\":[\"tribe-compatibility-container\"],\"view_more_text\":\"Kalender anzeigen\",\"view_more_title\":\"Weitere anzeigen Veranstaltungen.\",\"view_more_link\":\"https:\\\/\\\/www.torgeniemann.de\",\"widget_title\":\"Anstehende Veranstaltungen\",\"hide_if_no_upcoming_events\":false,\"display\":[],\"subscribe_links\":{\"gcal\":{\"label\":\"Google Kalender\",\"single_label\":\"Zum Google Kalender hinzuf\\u00fcgen\",\"visible\":true,\"block_slug\":\"hasGoogleCalendar\"},\"ical\":{\"label\":\"iCalendar\",\"single_label\":\"Zu iCalendar hinzuf\\u00fcgen\",\"visible\":true,\"block_slug\":\"hasiCal\"},\"outlook-365\":{\"label\":\"Outlook 365\",\"single_label\":\"Outlook 365\",\"visible\":true,\"block_slug\":\"hasOutlook365\"},\"outlook-live\":{\"label\":\"Outlook Live\",\"single_label\":\"Outlook Live\",\"visible\":true,\"block_slug\":\"hasOutlookLive\"},\"ics\":{\"label\":\".ics Datei exportieren\",\"single_label\":\".ics Datei exportieren\",\"visible\":true,\"block_slug\":null},\"outlook-ics\":{\"label\":\"Exportiere Outlook .ics Datei\",\"single_label\":\"Exportiere Outlook .ics Datei\",\"visible\":true,\"block_slug\":null}},\"_context\":{\"slug\":\"widget-events-list\"}}<\/script>\n\n\t\t\t\t\t\t\t<header class=\"tribe-events-widget-events-list__header\">\n\t\t\t\t\t<h2 class=\"tribe-events-widget-events-list__header-title tribe-common-h6 tribe-common-h--alt\">\n\t\t\t\t\t\tAnstehende Veranstaltungen\t\t\t\t\t<\/h2>\n\t\t\t\t<\/header>\n\t\t\t\n\t\t\t\n\t\t\t\t<div  class=\"tribe-events-header__messages tribe-events-c-messages tribe-common-b2\"  >\n\t\t\t<div class=\"tribe-events-c-messages__message tribe-events-c-messages__message--notice\" role=\"alert\">\n\t\t\t<svg  class=\"tribe-common-c-svgicon tribe-common-c-svgicon--messages-not-found tribe-events-c-messages__message-icon-svg\"  viewBox=\"0 0 21 23\" xmlns=\"http:\/\/www.w3.org\/2000\/svg\"><g fill-rule=\"evenodd\"><path d=\"M.5 2.5h20v20H.5z\"\/><path stroke-linecap=\"round\" d=\"M7.583 11.583l5.834 5.834m0-5.834l-5.834 5.834\" class=\"tribe-common-c-svgicon__svg-stroke\"\/><path stroke-linecap=\"round\" d=\"M4.5.5v4m12-4v4\"\/><path stroke-linecap=\"square\" d=\"M.5 7.5h20\"\/><\/g><\/svg>\n\t\t\t<ul class=\"tribe-events-c-messages__message-list\">\n\t\t\t\t\t\t\t\t\t<li\n\t\t\t\t\t\tclass=\"tribe-events-c-messages__message-list-item\"\n\t\t\t\t\t\t data-key=\"0\" \t\t\t\t\t>\n\t\t\t\t\tEs sind keine anstehenden Veranstaltungen vorhanden.\t\t\t\t\t<\/li>\n\t\t\t\t\t\t\t<\/ul>\n\t\t<\/div>\n\t<\/div>\n\n\t\t\t\t\t<\/div>\n\t<\/div>\n<\/div>\n<script data-js='tribe-events-view-nonce-data' type='application\/json'>{\"_tec_view_rest_nonce_primary\":\"4c0ecec8a6\",\"_tec_view_rest_nonce_secondary\":\"\"}<\/script>\n\n\n\n<h2 class=\"wp-block-heading\">Leche con Caf\u00e9<\/h2>\n\n\n\n<figure class=\"wp-block-image size-full\"><img fetchpriority=\"high\" decoding=\"async\" width=\"850\" height=\"567\" src=\"https:\/\/www.torgeniemann.de\/wp-content\/uploads\/2023\/03\/Pressefoto2_LecheConCafe_c_TorgeNiemann_DSC0310.jpg\" alt=\"Leche con Caf\u00e9 \u00a9 Torge Niemann\" class=\"wp-image-406\" srcset=\"https:\/\/www.torgeniemann.de\/wp-content\/uploads\/2023\/03\/Pressefoto2_LecheConCafe_c_TorgeNiemann_DSC0310.jpg 850w, https:\/\/www.torgeniemann.de\/wp-content\/uploads\/2023\/03\/Pressefoto2_LecheConCafe_c_TorgeNiemann_DSC0310-300x200.jpg 300w, https:\/\/www.torgeniemann.de\/wp-content\/uploads\/2023\/03\/Pressefoto2_LecheConCafe_c_TorgeNiemann_DSC0310-768x512.jpg 768w, https:\/\/www.torgeniemann.de\/wp-content\/uploads\/2023\/03\/Pressefoto2_LecheConCafe_c_TorgeNiemann_DSC0310-450x300.jpg 450w\" sizes=\"(max-width: 850px) 100vw, 850px\" \/><\/figure>\n\n\n\n<p>Peggy Soltoros Sunday (Gesang, Gitarre) und Amed Soto Canizares (Gesang, Gitarre, Bass) sind \u2013 musikalisch gesehen \u2013 eine \u00bbLiebe auf den ersten Takt\u00ab. Mit Torge Niemann (Gitarre), La Bomba (Perucssion) und Juan Iriarte Lecaros (Percussion) wird das Duo zur Band. Es kommen Rock- und Jazzeinfl\u00fcsse hinzu, immer mit viel Herz und \u00bbreal existierendem Groove\u00ab. Eine mitrei\u00dfende Liveband, der man die Freude an der musikalischen Begegnung in jedem Moment anmerkt. <a href=\"https:\/\/www.youtube.com\/watch?v=Mf4duUcdPus&amp;t=4s\" target=\"_blank\" rel=\"noreferrer noopener\">Video<\/a> | <a href=\"https:\/\/leche-con-cafe.de\/\" target=\"_blank\" rel=\"noreferrer noopener\">Website<\/a><\/p>\n\n\n\n<h2 class=\"wp-block-heading\">Happytown Acoustic Duo<\/h2>\n\n\n\n<figure class=\"wp-block-image size-large\"><img decoding=\"async\" width=\"1024\" height=\"576\" src=\"https:\/\/www.torgeniemann.de\/wp-content\/uploads\/2023\/03\/HappyTown_acoustic_duo_2021-1024x576.jpg\" alt=\"Happytown Acoustic Duo\" class=\"wp-image-409\" srcset=\"https:\/\/www.torgeniemann.de\/wp-content\/uploads\/2023\/03\/HappyTown_acoustic_duo_2021-1024x576.jpg 1024w, https:\/\/www.torgeniemann.de\/wp-content\/uploads\/2023\/03\/HappyTown_acoustic_duo_2021-300x169.jpg 300w, https:\/\/www.torgeniemann.de\/wp-content\/uploads\/2023\/03\/HappyTown_acoustic_duo_2021-768x432.jpg 768w, https:\/\/www.torgeniemann.de\/wp-content\/uploads\/2023\/03\/HappyTown_acoustic_duo_2021-1536x864.jpg 1536w, https:\/\/www.torgeniemann.de\/wp-content\/uploads\/2023\/03\/HappyTown_acoustic_duo_2021-2048x1152.jpg 2048w, https:\/\/www.torgeniemann.de\/wp-content\/uploads\/2023\/03\/HappyTown_acoustic_duo_2021-500x281.jpg 500w\" sizes=\"(max-width: 1024px) 100vw, 1024px\" \/><\/figure>\n\n\n\n<p>Viele Jahre professionellen Musikmachens verbinden Lili Czuya (Voc.) und Torge Niemann (Git.) und flie\u00dfen ein in ein Live-Programm das von hoher Pr\u00e4senz, Achtsamkeit und feiner Kommunikation auf der B\u00fchne gepr\u00e4gt ist. Gespielt werden Songs, die beide lieben und es wird ein breites stilistisches Repertoire dargeboten, das aus der langj\u00e4hrigen Erfahrung in vielen Bands und Formationen verschiedener Stilrichtungen sch\u00f6pft. <a href=\"https:\/\/www.youtube.com\/watch?v=2FYQFUxaYis\" target=\"_blank\" rel=\"noreferrer noopener\">Video<\/a> | <a href=\"https:\/\/happytown-music.de\/\" target=\"_blank\" rel=\"noreferrer noopener\">Website<\/a><\/p>\n\n\n\n<h2 class=\"wp-block-heading\">Trio Cinematique<\/h2>\n\n\n\n<figure class=\"wp-block-image size-large\"><img decoding=\"async\" width=\"1024\" height=\"682\" src=\"https:\/\/www.torgeniemann.de\/wp-content\/uploads\/2023\/03\/TrioCinematique-1024x682.jpg\" alt=\"Trio Cinematique\" class=\"wp-image-458\" srcset=\"https:\/\/www.torgeniemann.de\/wp-content\/uploads\/2023\/03\/TrioCinematique-1024x682.jpg 1024w, https:\/\/www.torgeniemann.de\/wp-content\/uploads\/2023\/03\/TrioCinematique-300x200.jpg 300w, https:\/\/www.torgeniemann.de\/wp-content\/uploads\/2023\/03\/TrioCinematique-768x512.jpg 768w, https:\/\/www.torgeniemann.de\/wp-content\/uploads\/2023\/03\/TrioCinematique-450x300.jpg 450w, https:\/\/www.torgeniemann.de\/wp-content\/uploads\/2023\/03\/TrioCinematique.jpg 1397w\" sizes=\"(max-width: 1024px) 100vw, 1024px\" \/><\/figure>\n\n\n\n<p>Im September 2013 trafen sich Ulrich Kodjo Wendt, Chris Drave und Torge Niemann zur Vertonung von Comic-Filmen im Hamburger Sprechwerk. Seitdem pr\u00e4sentieren die 3 Musiker mit viel Charme, Leidenschaft und Spielwitz Live-Musik in akustischer Trio-Besetzung (diatonisches Akkordeon, Violine und Gitarre) zu verschiedenen Stummfilmen. (Foto: Ernie Lawson)<\/p>\n\n\n\n<h2 class=\"wp-block-heading\">just beyond<\/h2>\n\n\n\n<figure><img decoding=\"async\" src=\"https:\/\/www.torgeniemann.de\/wp-content\/uploads\/2023\/03\/JustBeyond-1024x527.jpg\" alt=\"just beyond\" \/><\/figure>\n\n\n\n<p>just beyond&nbsp;\u2013 eine mitrei\u00dfende Live Band. Die Quelle der Kompositionen von&nbsp;Johannes Bahlmann&nbsp;ist der Jazz und sie sind in ihrer Offenheit eine Aufforderung zur Improvisation, lassen viel Raum f\u00fcr individuellen musikalischen Ausdruck und schaffen die Grundlage f\u00fcr den Bandsound und virtuose Soli. <a href=\"https:\/\/www.youtube.com\/watch?v=JIYbMgG1wk8\" target=\"_blank\" rel=\"noreferrer noopener\" data-type=\"URL\" data-id=\"https:\/\/www.youtube.com\/watch?v=JIYbMgG1wk8\">Video<\/a> | <a href=\"https:\/\/justbeyond.de\/\" target=\"_blank\" rel=\"noreferrer noopener\" data-type=\"URL\" data-id=\"https:\/\/justbeyond.de\/\">Website<\/a><\/p>\n<\/div>\n\n\n\n<div class=\"wp-block-column is-layout-flow wp-block-column-is-layout-flow\" style=\"flex-basis:33.33%\">\n<figure class=\"wp-block-image size-large\"><img loading=\"lazy\" decoding=\"async\" width=\"1024\" height=\"682\" src=\"https:\/\/www.torgeniemann.de\/wp-content\/uploads\/2023\/03\/Selbstportrait_c_TorgeNiemann_klein_0006-1024x682.jpg\" alt=\"Torge Niemann\" class=\"wp-image-370\" srcset=\"https:\/\/www.torgeniemann.de\/wp-content\/uploads\/2023\/03\/Selbstportrait_c_TorgeNiemann_klein_0006-1024x682.jpg 1024w, https:\/\/www.torgeniemann.de\/wp-content\/uploads\/2023\/03\/Selbstportrait_c_TorgeNiemann_klein_0006-300x200.jpg 300w, https:\/\/www.torgeniemann.de\/wp-content\/uploads\/2023\/03\/Selbstportrait_c_TorgeNiemann_klein_0006-768x512.jpg 768w, https:\/\/www.torgeniemann.de\/wp-content\/uploads\/2023\/03\/Selbstportrait_c_TorgeNiemann_klein_0006-1536x1024.jpg 1536w, https:\/\/www.torgeniemann.de\/wp-content\/uploads\/2023\/03\/Selbstportrait_c_TorgeNiemann_klein_0006-450x300.jpg 450w, https:\/\/www.torgeniemann.de\/wp-content\/uploads\/2023\/03\/Selbstportrait_c_TorgeNiemann_klein_0006.jpg 1772w\" sizes=\"(max-width: 1024px) 100vw, 1024px\" \/><\/figure>\n\n\n\n<p>Musik, das hei\u00dft f\u00fcr mich in erster Linie Gitarre spielen. Immerhin spiele ich seit mittlerweile \u00fcber 40 Jahren in Bands und kleineren Besetzungen und das Musizieren ist somit der rote Faden in meinem Leben. Akustische und elektrische Gitarren liegen mir dabei gleicherma\u00dfen am Herzen.<\/p>\n\n\n\n<figure class=\"wp-block-image size-large\"><img loading=\"lazy\" decoding=\"async\" width=\"1024\" height=\"684\" src=\"https:\/\/www.torgeniemann.de\/wp-content\/uploads\/2023\/03\/kl_Brauner_Phantom-C_c_TorgeNiemann_DSC6604-1024x684.jpg\" alt=\"Mikrofon\" class=\"wp-image-404\" srcset=\"https:\/\/www.torgeniemann.de\/wp-content\/uploads\/2023\/03\/kl_Brauner_Phantom-C_c_TorgeNiemann_DSC6604-1024x684.jpg 1024w, https:\/\/www.torgeniemann.de\/wp-content\/uploads\/2023\/03\/kl_Brauner_Phantom-C_c_TorgeNiemann_DSC6604-300x200.jpg 300w, https:\/\/www.torgeniemann.de\/wp-content\/uploads\/2023\/03\/kl_Brauner_Phantom-C_c_TorgeNiemann_DSC6604-768x513.jpg 768w, https:\/\/www.torgeniemann.de\/wp-content\/uploads\/2023\/03\/kl_Brauner_Phantom-C_c_TorgeNiemann_DSC6604-1536x1025.jpg 1536w, https:\/\/www.torgeniemann.de\/wp-content\/uploads\/2023\/03\/kl_Brauner_Phantom-C_c_TorgeNiemann_DSC6604-2048x1367.jpg 2048w, https:\/\/www.torgeniemann.de\/wp-content\/uploads\/2023\/03\/kl_Brauner_Phantom-C_c_TorgeNiemann_DSC6604-449x300.jpg 449w\" sizes=\"(max-width: 1024px) 100vw, 1024px\" \/><\/figure>\n\n\n\n<p><strong>Tonstudio \/ Recording<\/strong><br>In einem ambitionierten Heimstudio lassen sich professionelle Sprach-, Gesangs- und Instrumentalaufnahmen machen (lautst\u00e4rkem\u00e4\u00dfig allerdings begrenzt). Viele \u00dcbersetzungen wurden hier aufgenommen ebenso wie H\u00f6rbuch-CDs, Gitarrentracks (Kijoka Junica Band), Gesang und komplette Produktionen am Computer. crystal\/ Bluegreen und Mito\/Dance With Us wurden hier produziert. FOUR4SOUL\/ Love Comes habe ich vor Ort aufgenommen und dann gemixt.<\/p>\n\n\n\n<h2 class=\"wp-block-heading\">Diskografie<\/h2>\n\n\n\n<figure class=\"wp-block-image size-large\"><img loading=\"lazy\" decoding=\"async\" width=\"1024\" height=\"1015\" src=\"https:\/\/www.torgeniemann.de\/wp-content\/uploads\/2023\/03\/Reprise_TryMe-1024x1015.jpg\" alt=\"just beyond: Try Me\" class=\"wp-image-463\" srcset=\"https:\/\/www.torgeniemann.de\/wp-content\/uploads\/2023\/03\/Reprise_TryMe-1024x1015.jpg 1024w, https:\/\/www.torgeniemann.de\/wp-content\/uploads\/2023\/03\/Reprise_TryMe-300x297.jpg 300w, https:\/\/www.torgeniemann.de\/wp-content\/uploads\/2023\/03\/Reprise_TryMe-150x150.jpg 150w, https:\/\/www.torgeniemann.de\/wp-content\/uploads\/2023\/03\/Reprise_TryMe-768x762.jpg 768w, https:\/\/www.torgeniemann.de\/wp-content\/uploads\/2023\/03\/Reprise_TryMe-303x300.jpg 303w, https:\/\/www.torgeniemann.de\/wp-content\/uploads\/2023\/03\/Reprise_TryMe.jpg 1429w\" sizes=\"(max-width: 1024px) 100vw, 1024px\" \/><\/figure>\n\n\n\n<figure class=\"wp-block-image size-large\"><img loading=\"lazy\" decoding=\"async\" width=\"1024\" height=\"1015\" src=\"https:\/\/www.torgeniemann.de\/wp-content\/uploads\/2023\/03\/Reprise_TurnToPearls-1024x1015.jpg\" alt=\"Kijoka Junica - Turn to Pearls\" class=\"wp-image-466\" srcset=\"https:\/\/www.torgeniemann.de\/wp-content\/uploads\/2023\/03\/Reprise_TurnToPearls-1024x1015.jpg 1024w, https:\/\/www.torgeniemann.de\/wp-content\/uploads\/2023\/03\/Reprise_TurnToPearls-300x297.jpg 300w, https:\/\/www.torgeniemann.de\/wp-content\/uploads\/2023\/03\/Reprise_TurnToPearls-150x150.jpg 150w, https:\/\/www.torgeniemann.de\/wp-content\/uploads\/2023\/03\/Reprise_TurnToPearls-768x762.jpg 768w, https:\/\/www.torgeniemann.de\/wp-content\/uploads\/2023\/03\/Reprise_TurnToPearls-303x300.jpg 303w, https:\/\/www.torgeniemann.de\/wp-content\/uploads\/2023\/03\/Reprise_TurnToPearls.jpg 1429w\" sizes=\"(max-width: 1024px) 100vw, 1024px\" \/><\/figure>\n\n\n\n<figure class=\"wp-block-image size-large is-resized\"><img loading=\"lazy\" decoding=\"async\" width=\"1024\" height=\"1015\" src=\"https:\/\/www.torgeniemann.de\/wp-content\/uploads\/2023\/03\/LoveComes_Reprise-1024x1015.jpg\" alt=\"FOUR4SOUL - Love Comes\" class=\"wp-image-465\" style=\"width:195px;height:auto\" srcset=\"https:\/\/www.torgeniemann.de\/wp-content\/uploads\/2023\/03\/LoveComes_Reprise-1024x1015.jpg 1024w, https:\/\/www.torgeniemann.de\/wp-content\/uploads\/2023\/03\/LoveComes_Reprise-300x297.jpg 300w, https:\/\/www.torgeniemann.de\/wp-content\/uploads\/2023\/03\/LoveComes_Reprise-150x150.jpg 150w, https:\/\/www.torgeniemann.de\/wp-content\/uploads\/2023\/03\/LoveComes_Reprise-768x762.jpg 768w, https:\/\/www.torgeniemann.de\/wp-content\/uploads\/2023\/03\/LoveComes_Reprise-303x300.jpg 303w, https:\/\/www.torgeniemann.de\/wp-content\/uploads\/2023\/03\/LoveComes_Reprise.jpg 1429w\" sizes=\"(max-width: 1024px) 100vw, 1024px\" \/><\/figure>\n\n\n\n<figure class=\"wp-block-image size-large is-resized\"><img loading=\"lazy\" decoding=\"async\" width=\"1024\" height=\"1015\" src=\"https:\/\/www.torgeniemann.de\/wp-content\/uploads\/2023\/03\/Reprise_MitoLive-1024x1015.jpg\" alt=\"Mito live\" class=\"wp-image-467\" style=\"width:195px;height:auto\" srcset=\"https:\/\/www.torgeniemann.de\/wp-content\/uploads\/2023\/03\/Reprise_MitoLive-1024x1015.jpg 1024w, https:\/\/www.torgeniemann.de\/wp-content\/uploads\/2023\/03\/Reprise_MitoLive-300x298.jpg 300w, https:\/\/www.torgeniemann.de\/wp-content\/uploads\/2023\/03\/Reprise_MitoLive-150x150.jpg 150w, https:\/\/www.torgeniemann.de\/wp-content\/uploads\/2023\/03\/Reprise_MitoLive-768x762.jpg 768w, https:\/\/www.torgeniemann.de\/wp-content\/uploads\/2023\/03\/Reprise_MitoLive-303x300.jpg 303w, https:\/\/www.torgeniemann.de\/wp-content\/uploads\/2023\/03\/Reprise_MitoLive.jpg 1200w\" sizes=\"(max-width: 1024px) 100vw, 1024px\" \/><\/figure>\n\n\n\n<figure class=\"wp-block-image size-large is-resized\"><img loading=\"lazy\" decoding=\"async\" width=\"1024\" height=\"1024\" src=\"https:\/\/www.torgeniemann.de\/wp-content\/uploads\/2023\/03\/MitoDanceWithUs_Reprise-1024x1024.jpg\" alt=\"Mito - Dance with us\" class=\"wp-image-468\" style=\"width:195px;height:auto\" srcset=\"https:\/\/www.torgeniemann.de\/wp-content\/uploads\/2023\/03\/MitoDanceWithUs_Reprise-1024x1024.jpg 1024w, https:\/\/www.torgeniemann.de\/wp-content\/uploads\/2023\/03\/MitoDanceWithUs_Reprise-300x300.jpg 300w, https:\/\/www.torgeniemann.de\/wp-content\/uploads\/2023\/03\/MitoDanceWithUs_Reprise-150x150.jpg 150w, https:\/\/www.torgeniemann.de\/wp-content\/uploads\/2023\/03\/MitoDanceWithUs_Reprise-768x768.jpg 768w, https:\/\/www.torgeniemann.de\/wp-content\/uploads\/2023\/03\/MitoDanceWithUs_Reprise.jpg 1181w\" sizes=\"(max-width: 1024px) 100vw, 1024px\" \/><\/figure>\n\n\n\n<figure class=\"wp-block-image size-full\"><img loading=\"lazy\" decoding=\"async\" width=\"300\" height=\"300\" src=\"https:\/\/www.torgeniemann.de\/wp-content\/uploads\/2023\/03\/Bluegreen.jpg\" alt=\"Crystal - Bluegreen\" class=\"wp-image-469\" srcset=\"https:\/\/www.torgeniemann.de\/wp-content\/uploads\/2023\/03\/Bluegreen.jpg 300w, https:\/\/www.torgeniemann.de\/wp-content\/uploads\/2023\/03\/Bluegreen-150x150.jpg 150w\" sizes=\"(max-width: 300px) 100vw, 300px\" \/><\/figure>\n<\/div>\n<\/div>\n\n\n\n<p>&nbsp;<\/p>\n","protected":false},"excerpt":{"rendered":"<p>Leche con Caf\u00e9 Peggy Soltoros Sunday (Gesang, Gitarre) und Amed Soto Canizares (Gesang, Gitarre, Bass) sind \u2013 musikalisch gesehen \u2013 eine \u00bbLiebe auf den ersten Takt\u00ab. Mit Torge Niemann (Gitarre), La Bomba (Perucssion) und Juan Iriarte Lecaros (Percussion) wird das &hellip; <a href=\"https:\/\/www.torgeniemann.de\/\">Weiterlesen <span class=\"meta-nav\">&rarr;<\/span><\/a><\/p>\n","protected":false},"author":1,"featured_media":0,"parent":0,"menu_order":0,"comment_status":"closed","ping_status":"closed","template":"","meta":{"footnotes":""},"class_list":["post-363","page","type-page","status-publish","hentry"],"acf":[],"_links":{"self":[{"href":"https:\/\/www.torgeniemann.de\/index.php?rest_route=\/wp\/v2\/pages\/363","targetHints":{"allow":["GET"]}}],"collection":[{"href":"https:\/\/www.torgeniemann.de\/index.php?rest_route=\/wp\/v2\/pages"}],"about":[{"href":"https:\/\/www.torgeniemann.de\/index.php?rest_route=\/wp\/v2\/types\/page"}],"author":[{"embeddable":true,"href":"https:\/\/www.torgeniemann.de\/index.php?rest_route=\/wp\/v2\/users\/1"}],"replies":[{"embeddable":true,"href":"https:\/\/www.torgeniemann.de\/index.php?rest_route=%2Fwp%2Fv2%2Fcomments&post=363"}],"version-history":[{"count":48,"href":"https:\/\/www.torgeniemann.de\/index.php?rest_route=\/wp\/v2\/pages\/363\/revisions"}],"predecessor-version":[{"id":767,"href":"https:\/\/www.torgeniemann.de\/index.php?rest_route=\/wp\/v2\/pages\/363\/revisions\/767"}],"wp:attachment":[{"href":"https:\/\/www.torgeniemann.de\/index.php?rest_route=%2Fwp%2Fv2%2Fmedia&parent=363"}],"curies":[{"name":"wp","href":"https:\/\/api.w.org\/{rel}","templated":true}]}}